{"id":1172,"date":"2020-12-07T09:11:46","date_gmt":"2020-12-07T09:11:46","guid":{"rendered":"https:\/\/gertuart.eus\/?page_id=1172"},"modified":"2020-12-13T23:25:18","modified_gmt":"2020-12-13T23:25:18","slug":"politica-de-privacidad","status":"publish","type":"page","link":"https:\/\/gertuart.eus\/es\/politica-de-privacidad\/","title":{"rendered":"Aviso Legal y Pol\u00edtica de Privacidad"},"content":{"rendered":"<p>[et_pb_section fb_built=\u00bb1&#8243; fullwidth=\u00bbon\u00bb _builder_version=\u00bb4.6.6&#8243; filter_saturate=\u00bb130%\u00bb filter_brightness=\u00bb110%\u00bb bottom_divider_style=\u00bbarrow2&#8243; bottom_divider_color=\u00bb#ffffff\u00bb][et_pb_fullwidth_header title=\u00bbAviso Legal y Privacidad\u00bb text_orientation=\u00bbcenter\u00bb _builder_version=\u00bb4.7.4&#8243; title_font=\u00bb|600||||on|||\u00bb title_font_size=\u00bb80px\u00bb subhead_font=\u00bb|300|||||||\u00bb subhead_font_size=\u00bb26px\u00bb background_enable_color=\u00bboff\u00bb use_background_color_gradient=\u00bbon\u00bb background_color_gradient_start=\u00bbrgba(0,0,0,0)\u00bb background_color_gradient_end=\u00bbrgba(0,0,0,0.6)\u00bb background_color_gradient_overlays_image=\u00bbon\u00bb background_image=\u00bbhttps:\/\/gertuart.eus\/wp-content\/uploads\/2020\/10\/muro-Lapurdi-3.jpg\u00bb custom_margin=\u00bb||||false|false\u00bb custom_padding=\u00bb||||false|false\u00bb title_font_size_tablet=\u00bb70px\u00bb title_font_size_phone=\u00bb60px\u00bb title_font_size_last_edited=\u00bbon|phone\u00bb subhead_font_size_tablet=\u00bb22px\u00bb subhead_font_size_phone=\u00bb18px\u00bb subhead_font_size_last_edited=\u00bbon|phone\u00bb][\/et_pb_fullwidth_header][\/et_pb_section][et_pb_section fb_built=\u00bb1&#8243; _builder_version=\u00bb4.1&#8243;][et_pb_row _builder_version=\u00bb4.7.4&#8243; _module_preset=\u00bbdefault\u00bb][et_pb_column type=\u00bb4_4&#8243; _builder_version=\u00bb4.7.4&#8243; _module_preset=\u00bbdefault\u00bb][et_pb_text _builder_version=\u00bb4.7.6&#8243; _module_preset=\u00bbdefault\u00bb text_orientation=\u00bbjustified\u00bb hover_enabled=\u00bb0&#8243; sticky_enabled=\u00bb0&#8243;]<\/p>\n<h2>Datos identificativos<\/h2>\n<p>En cumplimiento con el art\u00edculo 10 de la Ley 34\/2002, de 11 de julio, de Servicios de la Sociedad de la Informaci\u00f3n y del Comercio Electr\u00f3nico, se informa que el sitio web gertuart.eus , en adelante denominado \u201cSitio Web\u201d, pertenece y es gestionado por Gaztaroa Sartu Koop y la Asociaci\u00f3n Baba, en lo sucesivo denominado \u201cTitular\u201d. Para cualquier consulta relativa a este Sitio Web puede utilizar la direcci\u00f3n de correo electr\u00f3nico <a href=\"mailto:info@gertuart.eus\">info@gertuart.eus<\/a>.<\/p>\n<h4>T\u00e9rminos y Condiciones de uso<\/h4>\n<p>El acceso a este Sitio Web es gratuito y no exige suscripci\u00f3n o registro.<\/p>\n<p>El hecho de estar en este Sitio Web le asigna a usted el car\u00e1cter de \u201cUsuario\u201d.<\/p>\n<p>Le recomendamos que lea con atenci\u00f3n lo establecido en este Aviso Legal, la Pol\u00edtica de Privacidad y la Pol\u00edtica de Cookies de este Sitio Web. La informaci\u00f3n de esos tres apartados son susceptibles de cambio sin previo aviso, por lo que tambi\u00e9n es recomendable que la vuelva a leer cada cierto tiempo.<\/p>\n<p>Si usted sigue navegando por este Sitio Web (www.gertuart.eus) se entender\u00e1 que ha aceptado las condiciones de uso de este Aviso Legal as\u00ed como la Pol\u00edtica de Privacidad. De no ser as\u00ed, le rogamos que no siga utilizando este Sitio Web.<\/p>\n<p>As\u00ed mismo, usted se compromete a abstenerse de emplear cualquier medio y\/o tecnolog\u00eda que pueda suprimir, alterar, eludir o manipular cualquier dispositivo, medio o sistema de seguridad que puedan estar instalados en este Sitio Web y que comporte riesgo, da\u00f1o, merma o inutilizaci\u00f3n de este Sitio Web y\/o sus contenidos.<\/p>\n<h4>Cookies<\/h4>\n<p>La p\u00e1gina web de GERTUART utiliza cookies (peque\u00f1os archivos de informaci\u00f3n que el servidor env\u00eda al ordenador de quien accede a la p\u00e1gina) en la medida imprescindible para el correcto funcionamiento y visualizaci\u00f3n del sitio Web por parte del usuario. Asimismo, cuenta con una pol\u00edtica informativa de cookies, donde se describen todos los aspectos relativos a las mismas.<\/p>\n<p>En todo caso, si Ud. no desea recibir cookies puede desactivar y\/o eliminar estas, siguiendo las instrucciones de su navegador de Internet.<\/p>\n<h4>Propiedad intelectual<\/h4>\n<p>Todos los contenidos de este Sitio Web, ya sean dise\u00f1os, im\u00e1genes, marcas, logotipos, textos, dominio y en general cualesquiera otros elementos susceptibles de protecci\u00f3n por derechos de propiedad intelectual, est\u00e9n en el formato, lenguaje de programaci\u00f3n y forma de representaci\u00f3n que sea, son propiedad del Titular o bien \u00e9ste ha adquirido los correspondientes derechos de sus propietarios.<\/p>\n<p>El uso, la reproducci\u00f3n total o parcial, la distribuci\u00f3n, comunicaci\u00f3n p\u00fablica, transformaci\u00f3n o cualquier otra actividad similar de todos los contenidos a los que hace referencia el p\u00e1rrafo anterior est\u00e1 permitida siempre que sea sin \u00e1nimo de lucro, no se intente da\u00f1ar la imagen o los intereses de la Titular o terceros leg\u00edtimos, no se utilice para competencia desleal, se haga constar la fuente y se incluya un enlace a este Sitio Web.<\/p>\n<h4>Limitaci\u00f3n de responsabilidad<\/h4>\n<p>Todo el contenido de este Sitio Web que no sea un producto o servicio comercial es de car\u00e1cter informativo y divulgativo, extra\u00eddo de la propia experiencia y conocimiento del Titular y ha sido puesto a disposici\u00f3n del Usuario de buena fe. No constituye ning\u00fan asesoramiento profesional, por lo que el Titular se exime de cualquier responsabilidad, directa o indirecta, que pudiese derivarse del uso o aplicaci\u00f3n de la informaci\u00f3n de este Sitio Web.<\/p>\n<p>Los enlaces (hiperv\u00ednculos) o contenidos de terceros que aparecen en esta web, entre ellos los comentarios al blog, se facilitan con la finalidad de ampliar la informaci\u00f3n o indicar otro punto de vista. Su inclusi\u00f3n no implica la aceptaci\u00f3n de dichos contenidos, ni la asociaci\u00f3n del Titular con los responsables de los mismos, por lo que rechaza toda responsabilidad en relaci\u00f3n con los mismos, as\u00ed como por los da\u00f1os que pudieran causarse por cualquier motivo en su sistema inform\u00e1tico (equipo y aplicaciones), documentos o ficheros.<\/p>\n<p>El Titular s\u00f3lo podr\u00e1 ser responsable por dichos contenidos conforme a lo establecido en la Ley 34\/2002, de 11 de julio, de Servicios de la Sociedad de la Informaci\u00f3n y de Comercio Electr\u00f3nico, en caso de que, habiendo tenido conocimiento efectivo de su ilicitud o de que lesiona los bienes o intereses de un tercero, no elimine o bloquee los correspondientes contenidos.<\/p>\n<p>El Titular no garantiza la fiabilidad, disponibilidad o continuidad de este sitio web ni de sus contenidos por motivos t\u00e9cnicos, de seguridad, control o mantenimiento del servicio, por fallos debidos al servidor que aloja los contenidos o de otros intermediarios o proveedores, por ataques contra el sistema inform\u00e1tico, ni por cualesquiera otros motivos que se deriven de causas que escapen a su control, por lo que rechaza cualquier responsabilidad, directa o indirecta, por los mismos.<\/p>\n<h4>Modificaciones y actualizaciones<\/h4>\n<p>El Titular se reserva el derecho de efectuar en cualquier momento y sin necesidad de aviso, modificaciones y actualizaciones de la informaci\u00f3n contenida en este Sitio Web, de la configuraci\u00f3n, disponibilidad y presentaci\u00f3n de \u00e9ste.<\/p>\n<h4>Legislaci\u00f3n aplicable y jurisdicci\u00f3n<\/h4>\n<p>Este Sitio Web opera bajo la normativa espa\u00f1ola vigente, por lo que cualquier controversia entre el Titular y el Usuario se someter\u00e1 a los Juzgados y Tribunales Espa\u00f1oles.<\/p>\n<p>[\/et_pb_text][\/et_pb_column][\/et_pb_row][et_pb_row _builder_version=\u00bb4.6.6&#8243; width=\u00bb90%\u00bb max_width=\u00bb900px\u00bb module_alignment=\u00bbcenter\u00bb][et_pb_column type=\u00bb4_4&#8243; _builder_version=\u00bb4.1&#8243;][et_pb_contact_form captcha=\u00bboff\u00bb email=\u00bbinfo@gertuart.eus\u00bb title=\u00bbFormulario de Contacto\u00bb custom_message=\u00bbHola, mi nombre es %%Nombre%%.||et_pb_line_break_holder||||et_pb_line_break_holder||%%Mensaje%%||et_pb_line_break_holder||||et_pb_line_break_holder||Puede contactarme mediante los siguientes:||et_pb_line_break_holder||||et_pb_line_break_holder||Tel\u00e9fono: %%Telefono%%||et_pb_line_break_holder||Correo electr\u00f3nico: %%Email%%||et_pb_line_break_holder||||et_pb_line_break_holder||He se\u00f1alado que: %%LOPD%%.\u00bb success_message=\u00bbSu mensaje ha sido enviado. Gracias por contactar.\u00bb _builder_version=\u00bb4.6.6&#8243; title_font=\u00bb|||||on|||\u00bb title_text_align=\u00bbcenter\u00bb title_font_size=\u00bb50px\u00bb custom_button=\u00bbon\u00bb button_text_size=\u00bb24px\u00bb button_text_color=\u00bb#666666&#8243; button_border_width=\u00bb0px\u00bb button_font=\u00bb|||||on|||\u00bb button_icon=\u00bb%%3%%\u00bb title_font_size_tablet=\u00bb36px\u00bb title_font_size_phone=\u00bb30px\u00bb title_font_size_last_edited=\u00bbon|phone\u00bb button_text_size_tablet=\u00bb\u00bb button_text_size_phone=\u00bb22px\u00bb button_text_size_last_edited=\u00bbon|phone\u00bb title_text_shadow_style=\u00bbpreset1&#8243; box_shadow_style=\u00bbpreset2&#8243; box_shadow_spread=\u00bb-8px\u00bb button_bg_color__hover_enabled=\u00bbon|hover\u00bb button_bg_color__hover=\u00bbrgba(0,0,0,0)\u00bb button_bg_enable_color__hover=\u00bbon\u00bb][et_pb_contact_field field_id=\u00bbNombre\u00bb field_title=\u00bbNombre o Entidad\u00bb allowed_symbols=\u00bbletters\u00bb fullwidth_field=\u00bbon\u00bb _builder_version=\u00bb4.6.6&#8243; button_text_size__hover_enabled=\u00bboff\u00bb button_one_text_size__hover_enabled=\u00bboff\u00bb button_two_text_size__hover_enabled=\u00bboff\u00bb button_text_color__hover_enabled=\u00bboff\u00bb button_one_text_color__hover_enabled=\u00bboff\u00bb button_two_text_color__hover_enabled=\u00bboff\u00bb button_border_width__hover_enabled=\u00bboff\u00bb button_one_border_width__hover_enabled=\u00bboff\u00bb button_two_border_width__hover_enabled=\u00bboff\u00bb button_border_color__hover_enabled=\u00bboff\u00bb button_one_border_color__hover_enabled=\u00bboff\u00bb button_two_border_color__hover_enabled=\u00bboff\u00bb button_border_radius__hover_enabled=\u00bboff\u00bb button_one_border_radius__hover_enabled=\u00bboff\u00bb button_two_border_radius__hover_enabled=\u00bboff\u00bb button_letter_spacing__hover_enabled=\u00bboff\u00bb button_one_letter_spacing__hover_enabled=\u00bboff\u00bb button_two_letter_spacing__hover_enabled=\u00bboff\u00bb button_bg_color__hover_enabled=\u00bboff\u00bb button_one_bg_color__hover_enabled=\u00bboff\u00bb button_two_bg_color__hover_enabled=\u00bboff\u00bb][\/et_pb_contact_field][et_pb_contact_field field_id=\u00bbCorreo\u00bb field_title=\u00bbCorreo electr\u00f3nico\u00bb field_type=\u00bbemail\u00bb _builder_version=\u00bb4.6.6&#8243; button_text_size__hover_enabled=\u00bboff\u00bb button_one_text_size__hover_enabled=\u00bboff\u00bb button_two_text_size__hover_enabled=\u00bboff\u00bb button_text_color__hover_enabled=\u00bboff\u00bb button_one_text_color__hover_enabled=\u00bboff\u00bb button_two_text_color__hover_enabled=\u00bboff\u00bb button_border_width__hover_enabled=\u00bboff\u00bb button_one_border_width__hover_enabled=\u00bboff\u00bb button_two_border_width__hover_enabled=\u00bboff\u00bb button_border_color__hover_enabled=\u00bboff\u00bb button_one_border_color__hover_enabled=\u00bboff\u00bb button_two_border_color__hover_enabled=\u00bboff\u00bb button_border_radius__hover_enabled=\u00bboff\u00bb button_one_border_radius__hover_enabled=\u00bboff\u00bb button_two_border_radius__hover_enabled=\u00bboff\u00bb button_letter_spacing__hover_enabled=\u00bboff\u00bb button_one_letter_spacing__hover_enabled=\u00bboff\u00bb button_two_letter_spacing__hover_enabled=\u00bboff\u00bb button_bg_color__hover_enabled=\u00bboff\u00bb button_one_bg_color__hover_enabled=\u00bboff\u00bb button_two_bg_color__hover_enabled=\u00bboff\u00bb][\/et_pb_contact_field][et_pb_contact_field field_id=\u00bbTelefono\u00bb field_title=\u00bbTel\u00e9fono\u00bb field_type=\u00bbemail\u00bb _builder_version=\u00bb4.6.6&#8243; button_text_size__hover_enabled=\u00bboff\u00bb button_one_text_size__hover_enabled=\u00bboff\u00bb button_two_text_size__hover_enabled=\u00bboff\u00bb button_text_color__hover_enabled=\u00bboff\u00bb button_one_text_color__hover_enabled=\u00bboff\u00bb button_two_text_color__hover_enabled=\u00bboff\u00bb button_border_width__hover_enabled=\u00bboff\u00bb button_one_border_width__hover_enabled=\u00bboff\u00bb button_two_border_width__hover_enabled=\u00bboff\u00bb button_border_color__hover_enabled=\u00bboff\u00bb button_one_border_color__hover_enabled=\u00bboff\u00bb button_two_border_color__hover_enabled=\u00bboff\u00bb button_border_radius__hover_enabled=\u00bboff\u00bb button_one_border_radius__hover_enabled=\u00bboff\u00bb button_two_border_radius__hover_enabled=\u00bboff\u00bb button_letter_spacing__hover_enabled=\u00bboff\u00bb button_one_letter_spacing__hover_enabled=\u00bboff\u00bb button_two_letter_spacing__hover_enabled=\u00bboff\u00bb button_bg_color__hover_enabled=\u00bboff\u00bb button_one_bg_color__hover_enabled=\u00bboff\u00bb button_two_bg_color__hover_enabled=\u00bboff\u00bb][\/et_pb_contact_field][et_pb_contact_field field_id=\u00bbMensaje\u00bb field_title=\u00bbMensaje\u00bb field_type=\u00bbtext\u00bb fullwidth_field=\u00bbon\u00bb _builder_version=\u00bb4.6.6&#8243; button_text_size__hover_enabled=\u00bboff\u00bb button_one_text_size__hover_enabled=\u00bboff\u00bb button_two_text_size__hover_enabled=\u00bboff\u00bb button_text_color__hover_enabled=\u00bboff\u00bb button_one_text_color__hover_enabled=\u00bboff\u00bb button_two_text_color__hover_enabled=\u00bboff\u00bb button_border_width__hover_enabled=\u00bboff\u00bb button_one_border_width__hover_enabled=\u00bboff\u00bb button_two_border_width__hover_enabled=\u00bboff\u00bb button_border_color__hover_enabled=\u00bboff\u00bb button_one_border_color__hover_enabled=\u00bboff\u00bb button_two_border_color__hover_enabled=\u00bboff\u00bb button_border_radius__hover_enabled=\u00bboff\u00bb button_one_border_radius__hover_enabled=\u00bboff\u00bb button_two_border_radius__hover_enabled=\u00bboff\u00bb button_letter_spacing__hover_enabled=\u00bboff\u00bb button_one_letter_spacing__hover_enabled=\u00bboff\u00bb button_two_letter_spacing__hover_enabled=\u00bboff\u00bb button_bg_color__hover_enabled=\u00bboff\u00bb button_one_bg_color__hover_enabled=\u00bboff\u00bb button_two_bg_color__hover_enabled=\u00bboff\u00bb][\/et_pb_contact_field][et_pb_contact_field field_id=\u00bbLOPD\u00bb field_title=\u00bb \u00bb field_type=\u00bbcheckbox\u00bb checkbox_options=\u00bb%91{%22value%22:%22Acepto la pol\u00edtica de privacidad %22,%22checked%22:0,%22dragID%22:-1,%22link_url%22:%22\/politica-de-privacidad%22,%22link_text%22:%22%22}%93&#8243; fullwidth_field=\u00bbon\u00bb _builder_version=\u00bb4.6.6&#8243; button_text_size__hover_enabled=\u00bboff\u00bb button_one_text_size__hover_enabled=\u00bboff\u00bb button_two_text_size__hover_enabled=\u00bboff\u00bb button_text_color__hover_enabled=\u00bboff\u00bb button_one_text_color__hover_enabled=\u00bboff\u00bb button_two_text_color__hover_enabled=\u00bboff\u00bb button_border_width__hover_enabled=\u00bboff\u00bb button_one_border_width__hover_enabled=\u00bboff\u00bb button_two_border_width__hover_enabled=\u00bboff\u00bb button_border_color__hover_enabled=\u00bboff\u00bb button_one_border_color__hover_enabled=\u00bboff\u00bb button_two_border_color__hover_enabled=\u00bboff\u00bb button_border_radius__hover_enabled=\u00bboff\u00bb button_one_border_radius__hover_enabled=\u00bboff\u00bb button_two_border_radius__hover_enabled=\u00bboff\u00bb button_letter_spacing__hover_enabled=\u00bboff\u00bb button_one_letter_spacing__hover_enabled=\u00bboff\u00bb button_two_letter_spacing__hover_enabled=\u00bboff\u00bb button_bg_color__hover_enabled=\u00bboff\u00bb button_one_bg_color__hover_enabled=\u00bboff\u00bb button_two_bg_color__hover_enabled=\u00bboff\u00bb][\/et_pb_contact_field][\/et_pb_contact_form][\/et_pb_column][\/et_pb_row][\/et_pb_section]<\/p>\n","protected":false},"excerpt":{"rendered":"<p>Datos identificativos En cumplimiento con el art\u00edculo 10 de la Ley 34\/2002, de 11 de julio, de Servicios de la Sociedad de la Informaci\u00f3n y del Comercio Electr\u00f3nico, se informa que el sitio web gertuart.eus , en adelante denominado \u201cSitio Web\u201d, pertenece y es gestionado por Gaztaroa Sartu Koop y la Asociaci\u00f3n Baba, en lo [&hellip;]<\/p>\n","protected":false},"author":1,"featured_media":0,"parent":0,"menu_order":0,"comment_status":"closed","ping_status":"closed","template":"","meta":{"_et_pb_use_builder":"on","_et_pb_old_content":"","_et_gb_content_width":"","footnotes":""},"class_list":["post-1172","page","type-page","status-publish","hentry"],"_links":{"self":[{"href":"https:\/\/gertuart.eus\/es\/wp-json\/wp\/v2\/pages\/1172","targetHints":{"allow":["GET"]}}],"collection":[{"href":"https:\/\/gertuart.eus\/es\/wp-json\/wp\/v2\/pages"}],"about":[{"href":"https:\/\/gertuart.eus\/es\/wp-json\/wp\/v2\/types\/page"}],"author":[{"embeddable":true,"href":"https:\/\/gertuart.eus\/es\/wp-json\/wp\/v2\/users\/1"}],"replies":[{"embeddable":true,"href":"https:\/\/gertuart.eus\/es\/wp-json\/wp\/v2\/comments?post=1172"}],"version-history":[{"count":0,"href":"https:\/\/gertuart.eus\/es\/wp-json\/wp\/v2\/pages\/1172\/revisions"}],"wp:attachment":[{"href":"https:\/\/gertuart.eus\/es\/wp-json\/wp\/v2\/media?parent=1172"}],"curies":[{"name":"wp","href":"https:\/\/api.w.org\/{rel}","templated":true}]}}