{"id":323,"date":"2020-10-05T06:26:32","date_gmt":"2020-10-05T06:26:32","guid":{"rendered":"https:\/\/gertuart.eus\/?page_id=323"},"modified":"2020-11-23T07:49:48","modified_gmt":"2020-11-23T07:49:48","slug":"proyectos","status":"publish","type":"page","link":"https:\/\/gertuart.eus\/es\/proyectos\/","title":{"rendered":"Proyectos"},"content":{"rendered":"<p>[et_pb_section fb_built=\u00bb1&#8243; fullwidth=\u00bbon\u00bb _builder_version=\u00bb4.6.6&#8243; bottom_divider_style=\u00bbarrow2&#8243; bottom_divider_color=\u00bb#ffffff\u00bb][et_pb_fullwidth_header title=\u00bbProyectos\u00bb subhead=\u00bbConoce nuestras Actividades\u00bb text_orientation=\u00bbcenter\u00bb _builder_version=\u00bb4.6.6&#8243; title_font=\u00bb|600||||on|||\u00bb title_font_size=\u00bb80px\u00bb subhead_font=\u00bb|300|||||||\u00bb subhead_font_size=\u00bb26px\u00bb background_enable_color=\u00bboff\u00bb use_background_color_gradient=\u00bbon\u00bb background_color_gradient_start=\u00bbrgba(0,0,0,0)\u00bb background_color_gradient_end=\u00bbrgba(0,0,0,0.6)\u00bb background_color_gradient_overlays_image=\u00bbon\u00bb background_image=\u00bbhttps:\/\/gertuart.eus\/wp-content\/uploads\/2020\/10\/muro-Lapurdi-3.jpg\u00bb custom_margin=\u00bb||||false|false\u00bb custom_padding=\u00bb||||false|false\u00bb filter_saturate=\u00bb130%\u00bb filter_brightness=\u00bb110%\u00bb title_font_size_tablet=\u00bb70px\u00bb title_font_size_phone=\u00bb60px\u00bb title_font_size_last_edited=\u00bbon|phone\u00bb subhead_font_size_tablet=\u00bb22px\u00bb subhead_font_size_phone=\u00bb18px\u00bb subhead_font_size_last_edited=\u00bbon|phone\u00bb][\/et_pb_fullwidth_header][\/et_pb_section][et_pb_section fb_built=\u00bb1&#8243; _builder_version=\u00bb4.6.5&#8243; _module_preset=\u00bbdefault\u00bb][et_pb_row _builder_version=\u00bb4.6.5&#8243; _module_preset=\u00bbdefault\u00bb width=\u00bb90%\u00bb max_width=\u00bb100%\u00bb][et_pb_column type=\u00bb4_4&#8243; _builder_version=\u00bb4.6.5&#8243; _module_preset=\u00bbdefault\u00bb][et_pb_filterable_portfolio fullwidth=\u00bboff\u00bb posts_number=\u00bb50&#8243; show_pagination=\u00bboff\u00bb zoom_icon_color=\u00bbrgba(0,0,0,0.54)\u00bb hover_overlay_color=\u00bbrgba(255,255,255,0.54)\u00bb hover_icon=\u00bb%%15%%\u00bb _builder_version=\u00bb4.6.6&#8243; _module_preset=\u00bbdefault\u00bb title_font=\u00bb|||||on|||\u00bb filter_font=\u00bb|||||on|||\u00bb filter_text_color=\u00bb#666&#8243; filter_font_size=\u00bb16px\u00bb filter_letter_spacing=\u00bb1px\u00bb caption_font=\u00bb|300||||on|||\u00bb text_orientation=\u00bbcenter\u00bb custom_padding=\u00bb10px||10px||true|false\u00bb child_filter_saturate=\u00bb130%\u00bb child_filter_brightness=\u00bb110%\u00bb filter_text_color_tablet=\u00bb\u00bb filter_text_color_phone=\u00bb\u00bb filter_text_color_last_edited=\u00bbon|desktop\u00bb child_filter_saturate_tablet=\u00bb\u00bb child_filter_saturate_phone=\u00bb\u00bb child_filter_saturate_last_edited=\u00bbon|desktop\u00bb box_shadow_style_image=\u00bbpreset1&#8243; text_shadow_style=\u00bbpreset1&#8243; child_filter_saturate__hover_enabled=\u00bbon|desktop\u00bb child_filter_saturate__hover=\u00bb100%\u00bb filter_text_color__hover_enabled=\u00bbon|desktop\u00bb title_text_color__hover_enabled=\u00bbon|desktop\u00bb filter_text_color__hover=\u00bb#17567a\u00bb][\/et_pb_filterable_portfolio][\/et_pb_column][\/et_pb_row][\/et_pb_section][et_pb_section fb_built=\u00bb1&#8243; _builder_version=\u00bb4.6.6&#8243; _module_preset=\u00bbdefault\u00bb][et_pb_row _builder_version=\u00bb4.6.6&#8243; _module_preset=\u00bbdefault\u00bb][et_pb_column type=\u00bb4_4&#8243; _builder_version=\u00bb4.6.6&#8243; _module_preset=\u00bbdefault\u00bb][et_pb_text _builder_version=\u00bb4.6.6&#8243; _module_preset=\u00bbdefault\u00bb header_font=\u00bb|||||on|||\u00bb header_text_align=\u00bbcenter\u00bb header_text_color=\u00bb#333333&#8243; header_font_size=\u00bb34px\u00bb header_letter_spacing=\u00bb1px\u00bb header_line_height=\u00bb1.2em\u00bb header_2_font=\u00bb|||||on|||\u00bb header_2_text_align=\u00bbcenter\u00bb header_2_text_color=\u00bb#333333&#8243; header_2_font_size=\u00bb34px\u00bb header_2_letter_spacing=\u00bb1px\u00bb header_2_line_height=\u00bb1.2em\u00bb header_3_font=\u00bb|||||on|||\u00bb header_3_text_align=\u00bbcenter\u00bb header_3_text_color=\u00bb#333333&#8243; header_3_font_size=\u00bb34px\u00bb header_3_letter_spacing=\u00bb1px\u00bb header_3_line_height=\u00bb1.2em\u00bb header_4_font=\u00bb|||||on|||\u00bb header_4_text_align=\u00bbcenter\u00bb header_4_text_color=\u00bb#333333&#8243; header_4_font_size=\u00bb34px\u00bb header_4_letter_spacing=\u00bb1px\u00bb header_4_line_height=\u00bb1.2em\u00bb header_5_font=\u00bb|||||on|||\u00bb header_5_text_align=\u00bbcenter\u00bb header_5_text_color=\u00bb#333333&#8243; header_5_font_size=\u00bb34px\u00bb header_5_letter_spacing=\u00bb1px\u00bb header_5_line_height=\u00bb1.2em\u00bb header_6_font=\u00bb|||||on|||\u00bb header_6_text_align=\u00bbcenter\u00bb header_6_text_color=\u00bb#333333&#8243; header_6_font_size=\u00bb34px\u00bb header_6_letter_spacing=\u00bb1px\u00bb header_6_line_height=\u00bb1.2em\u00bb header_font_size_tablet=\u00bb30px\u00bb header_font_size_phone=\u00bb24px\u00bb header_font_size_last_edited=\u00bbon|phone\u00bb header_2_font_size_tablet=\u00bb30px\u00bb header_2_font_size_phone=\u00bb24px\u00bb header_2_font_size_last_edited=\u00bbon|phone\u00bb header_3_font_size_tablet=\u00bb30px\u00bb header_3_font_size_phone=\u00bb24px\u00bb header_3_font_size_last_edited=\u00bbon|phone\u00bb header_4_font_size_tablet=\u00bb30px\u00bb header_4_font_size_phone=\u00bb24px\u00bb header_4_font_size_last_edited=\u00bbon|phone\u00bb header_5_font_size_tablet=\u00bb30px\u00bb header_5_font_size_phone=\u00bb24px\u00bb header_5_font_size_last_edited=\u00bbon|phone\u00bb header_6_font_size_tablet=\u00bb30px\u00bb header_6_font_size_phone=\u00bb24px\u00bb header_6_font_size_last_edited=\u00bbon|phone\u00bb header_4_text_shadow_style=\u00bbpreset1&#8243;]<\/p>\n<h4>Otros proyectos<\/h4>\n<p>[\/et_pb_text][\/et_pb_column][\/et_pb_row][et_pb_row _builder_version=\u00bb4.6.6&#8243; _module_preset=\u00bbdefault\u00bb max_width=\u00bb90%\u00bb][et_pb_column type=\u00bb4_4&#8243; _builder_version=\u00bb4.6.6&#8243; _module_preset=\u00bbdefault\u00bb][et_pb_gallery gallery_ids=\u00bb852,864,857,854,858,859,860,853,1081,1082,1084&#8243; show_title_and_caption=\u00bboff\u00bb zoom_icon_color=\u00bbrgba(0,0,0,0.54)\u00bb hover_overlay_color=\u00bbrgba(255,255,255,0.54)\u00bb hover_icon=\u00bb%%15%%\u00bb _builder_version=\u00bb4.7.2&#8243; _module_preset=\u00bbdefault\u00bb pagination_font=\u00bb|300|||||||\u00bb pagination_text_align=\u00bbcenter\u00bb module_alignment=\u00bbcenter\u00bb child_filter_saturate=\u00bb130%\u00bb child_filter_brightness=\u00bb110%\u00bb hover_enabled=\u00bb0&#8243; child_filter_saturate_tablet=\u00bb\u00bb child_filter_saturate_phone=\u00bb\u00bb child_filter_saturate_last_edited=\u00bbon|desktop\u00bb box_shadow_style_image=\u00bbpreset1&#8243; child_filter_saturate__hover=\u00bb100%\u00bb child_filter_saturate__hover_enabled=\u00bbon|desktop\u00bb sticky_enabled=\u00bb0&#8243;][\/et_pb_gallery][\/et_pb_column][\/et_pb_row][\/et_pb_section][et_pb_section fb_built=\u00bb1&#8243; prev_background_color=\u00bb#ffffff\u00bb next_background_color=\u00bb#ffffff\u00bb _builder_version=\u00bb4.6.6&#8243; background_color_gradient_direction=\u00bb90deg\u00bb background_image=\u00bbhttps:\/\/gertuart.eus\/wp-content\/uploads\/2020\/10\/muro-Lapurdi-3.jpg\u00bb custom_padding=\u00bb||||true|false\u00bb filter_saturate=\u00bb130%\u00bb filter_brightness=\u00bb110%\u00bb top_divider_style=\u00bbarrow2&#8243; bottom_divider_style=\u00bbarrow2&#8243;][et_pb_row _builder_version=\u00bb4.1&#8243;][et_pb_column type=\u00bb4_4&#8243; _builder_version=\u00bb4.1&#8243;][et_pb_divider show_divider=\u00bboff\u00bb _builder_version=\u00bb4.6.6&#8243; height=\u00bb10px\u00bb height_tablet=\u00bb5px\u00bb height_phone=\u00bb2px\u00bb height_last_edited=\u00bbon|tablet\u00bb][\/et_pb_divider][\/et_pb_column][\/et_pb_row][\/et_pb_section][et_pb_section fb_built=\u00bb1&#8243; _builder_version=\u00bb4.1&#8243; global_module=\u00bb945&#8243; saved_tabs=\u00bball\u00bb][et_pb_row _builder_version=\u00bb4.6.6&#8243; width=\u00bb90%\u00bb max_width=\u00bb900px\u00bb module_alignment=\u00bbcenter\u00bb][et_pb_column type=\u00bb4_4&#8243; _builder_version=\u00bb4.1&#8243;][et_pb_contact_form captcha=\u00bboff\u00bb email=\u00bbinfo@gertuart.eus\u00bb title=\u00bbContacta con Nosotros\u00bb custom_message=\u00bbHola, mi nombre es %%Nombre%%.||et_pb_line_break_holder||||et_pb_line_break_holder||%%Mensaje%%||et_pb_line_break_holder||||et_pb_line_break_holder||Puede contactarme mediante los siguientes:||et_pb_line_break_holder||||et_pb_line_break_holder||Tel\u00e9fono: %%Telefono%%||et_pb_line_break_holder||Correo electr\u00f3nico: %%Email%%||et_pb_line_break_holder||||et_pb_line_break_holder||He se\u00f1alado que: %%LOPD%%.\u00bb success_message=\u00bbSu mensaje ha sido enviado. Gracias por contactar.\u00bb _builder_version=\u00bb4.6.6&#8243; title_font=\u00bb|||||on|||\u00bb title_text_align=\u00bbcenter\u00bb title_font_size=\u00bb50px\u00bb custom_button=\u00bbon\u00bb button_text_size=\u00bb24px\u00bb button_text_color=\u00bb#666666&#8243; button_border_width=\u00bb0px\u00bb button_font=\u00bb|||||on|||\u00bb button_icon=\u00bb%%3%%\u00bb title_font_size_tablet=\u00bb36px\u00bb title_font_size_phone=\u00bb30px\u00bb title_font_size_last_edited=\u00bbon|phone\u00bb button_text_size_tablet=\u00bb\u00bb button_text_size_phone=\u00bb22px\u00bb button_text_size_last_edited=\u00bbon|phone\u00bb title_text_shadow_style=\u00bbpreset1&#8243; box_shadow_style=\u00bbpreset2&#8243; box_shadow_spread=\u00bb-8px\u00bb button_bg_color__hover_enabled=\u00bbon|hover\u00bb button_bg_color__hover=\u00bbrgba(0,0,0,0)\u00bb button_bg_enable_color__hover=\u00bbon\u00bb][et_pb_contact_field field_id=\u00bbNombre\u00bb field_title=\u00bbNombre o Entidad\u00bb allowed_symbols=\u00bbletters\u00bb fullwidth_field=\u00bbon\u00bb _builder_version=\u00bb4.6.6&#8243; button_text_size__hover_enabled=\u00bboff\u00bb button_one_text_size__hover_enabled=\u00bboff\u00bb button_two_text_size__hover_enabled=\u00bboff\u00bb button_text_color__hover_enabled=\u00bboff\u00bb button_one_text_color__hover_enabled=\u00bboff\u00bb button_two_text_color__hover_enabled=\u00bboff\u00bb button_border_width__hover_enabled=\u00bboff\u00bb button_one_border_width__hover_enabled=\u00bboff\u00bb button_two_border_width__hover_enabled=\u00bboff\u00bb button_border_color__hover_enabled=\u00bboff\u00bb button_one_border_color__hover_enabled=\u00bboff\u00bb button_two_border_color__hover_enabled=\u00bboff\u00bb button_border_radius__hover_enabled=\u00bboff\u00bb button_one_border_radius__hover_enabled=\u00bboff\u00bb button_two_border_radius__hover_enabled=\u00bboff\u00bb button_letter_spacing__hover_enabled=\u00bboff\u00bb button_one_letter_spacing__hover_enabled=\u00bboff\u00bb button_two_letter_spacing__hover_enabled=\u00bboff\u00bb button_bg_color__hover_enabled=\u00bboff\u00bb button_one_bg_color__hover_enabled=\u00bboff\u00bb button_two_bg_color__hover_enabled=\u00bboff\u00bb][\/et_pb_contact_field][et_pb_contact_field field_id=\u00bbCorreo\u00bb field_title=\u00bbCorreo electr\u00f3nico\u00bb field_type=\u00bbemail\u00bb _builder_version=\u00bb4.6.6&#8243; button_text_size__hover_enabled=\u00bboff\u00bb button_one_text_size__hover_enabled=\u00bboff\u00bb button_two_text_size__hover_enabled=\u00bboff\u00bb button_text_color__hover_enabled=\u00bboff\u00bb button_one_text_color__hover_enabled=\u00bboff\u00bb button_two_text_color__hover_enabled=\u00bboff\u00bb button_border_width__hover_enabled=\u00bboff\u00bb button_one_border_width__hover_enabled=\u00bboff\u00bb button_two_border_width__hover_enabled=\u00bboff\u00bb button_border_color__hover_enabled=\u00bboff\u00bb button_one_border_color__hover_enabled=\u00bboff\u00bb button_two_border_color__hover_enabled=\u00bboff\u00bb button_border_radius__hover_enabled=\u00bboff\u00bb button_one_border_radius__hover_enabled=\u00bboff\u00bb button_two_border_radius__hover_enabled=\u00bboff\u00bb button_letter_spacing__hover_enabled=\u00bboff\u00bb button_one_letter_spacing__hover_enabled=\u00bboff\u00bb button_two_letter_spacing__hover_enabled=\u00bboff\u00bb button_bg_color__hover_enabled=\u00bboff\u00bb button_one_bg_color__hover_enabled=\u00bboff\u00bb button_two_bg_color__hover_enabled=\u00bboff\u00bb][\/et_pb_contact_field][et_pb_contact_field field_id=\u00bbTelefono\u00bb field_title=\u00bbTel\u00e9fono\u00bb field_type=\u00bbemail\u00bb _builder_version=\u00bb4.6.6&#8243; button_text_size__hover_enabled=\u00bboff\u00bb button_one_text_size__hover_enabled=\u00bboff\u00bb button_two_text_size__hover_enabled=\u00bboff\u00bb button_text_color__hover_enabled=\u00bboff\u00bb button_one_text_color__hover_enabled=\u00bboff\u00bb button_two_text_color__hover_enabled=\u00bboff\u00bb button_border_width__hover_enabled=\u00bboff\u00bb button_one_border_width__hover_enabled=\u00bboff\u00bb button_two_border_width__hover_enabled=\u00bboff\u00bb button_border_color__hover_enabled=\u00bboff\u00bb button_one_border_color__hover_enabled=\u00bboff\u00bb button_two_border_color__hover_enabled=\u00bboff\u00bb button_border_radius__hover_enabled=\u00bboff\u00bb button_one_border_radius__hover_enabled=\u00bboff\u00bb button_two_border_radius__hover_enabled=\u00bboff\u00bb button_letter_spacing__hover_enabled=\u00bboff\u00bb button_one_letter_spacing__hover_enabled=\u00bboff\u00bb button_two_letter_spacing__hover_enabled=\u00bboff\u00bb button_bg_color__hover_enabled=\u00bboff\u00bb button_one_bg_color__hover_enabled=\u00bboff\u00bb button_two_bg_color__hover_enabled=\u00bboff\u00bb][\/et_pb_contact_field][et_pb_contact_field field_id=\u00bbMensaje\u00bb field_title=\u00bbMensaje\u00bb field_type=\u00bbtext\u00bb fullwidth_field=\u00bbon\u00bb _builder_version=\u00bb4.6.6&#8243; button_text_size__hover_enabled=\u00bboff\u00bb button_one_text_size__hover_enabled=\u00bboff\u00bb button_two_text_size__hover_enabled=\u00bboff\u00bb button_text_color__hover_enabled=\u00bboff\u00bb button_one_text_color__hover_enabled=\u00bboff\u00bb button_two_text_color__hover_enabled=\u00bboff\u00bb button_border_width__hover_enabled=\u00bboff\u00bb button_one_border_width__hover_enabled=\u00bboff\u00bb button_two_border_width__hover_enabled=\u00bboff\u00bb button_border_color__hover_enabled=\u00bboff\u00bb button_one_border_color__hover_enabled=\u00bboff\u00bb button_two_border_color__hover_enabled=\u00bboff\u00bb button_border_radius__hover_enabled=\u00bboff\u00bb button_one_border_radius__hover_enabled=\u00bboff\u00bb button_two_border_radius__hover_enabled=\u00bboff\u00bb button_letter_spacing__hover_enabled=\u00bboff\u00bb button_one_letter_spacing__hover_enabled=\u00bboff\u00bb button_two_letter_spacing__hover_enabled=\u00bboff\u00bb button_bg_color__hover_enabled=\u00bboff\u00bb button_one_bg_color__hover_enabled=\u00bboff\u00bb button_two_bg_color__hover_enabled=\u00bboff\u00bb][\/et_pb_contact_field][et_pb_contact_field field_id=\u00bbLOPD\u00bb field_title=\u00bb \u00bb field_type=\u00bbcheckbox\u00bb checkbox_options=\u00bb%91{%22value%22:%22Acepto la pol\u00edtica de privacidad %22,%22checked%22:0,%22dragID%22:-1,%22link_url%22:%22\/politica-de-privacidad%22}%93&#8243; fullwidth_field=\u00bbon\u00bb _builder_version=\u00bb4.6.6&#8243; button_text_size__hover_enabled=\u00bboff\u00bb button_one_text_size__hover_enabled=\u00bboff\u00bb button_two_text_size__hover_enabled=\u00bboff\u00bb button_text_color__hover_enabled=\u00bboff\u00bb button_one_text_color__hover_enabled=\u00bboff\u00bb button_two_text_color__hover_enabled=\u00bboff\u00bb button_border_width__hover_enabled=\u00bboff\u00bb button_one_border_width__hover_enabled=\u00bboff\u00bb button_two_border_width__hover_enabled=\u00bboff\u00bb button_border_color__hover_enabled=\u00bboff\u00bb button_one_border_color__hover_enabled=\u00bboff\u00bb button_two_border_color__hover_enabled=\u00bboff\u00bb button_border_radius__hover_enabled=\u00bboff\u00bb button_one_border_radius__hover_enabled=\u00bboff\u00bb button_two_border_radius__hover_enabled=\u00bboff\u00bb button_letter_spacing__hover_enabled=\u00bboff\u00bb button_one_letter_spacing__hover_enabled=\u00bboff\u00bb button_two_letter_spacing__hover_enabled=\u00bboff\u00bb button_bg_color__hover_enabled=\u00bboff\u00bb button_one_bg_color__hover_enabled=\u00bboff\u00bb button_two_bg_color__hover_enabled=\u00bboff\u00bb][\/et_pb_contact_field][\/et_pb_contact_form][\/et_pb_column][\/et_pb_row][\/et_pb_section]<\/p>\n","protected":false},"excerpt":{"rendered":"<p>Otros proyectos<\/p>\n","protected":false},"author":1,"featured_media":0,"parent":0,"menu_order":0,"comment_status":"closed","ping_status":"closed","template":"","meta":{"_et_pb_use_builder":"on","_et_pb_old_content":"","_et_gb_content_width":"","footnotes":""},"class_list":["post-323","page","type-page","status-publish","hentry"],"_links":{"self":[{"href":"https:\/\/gertuart.eus\/es\/wp-json\/wp\/v2\/pages\/323","targetHints":{"allow":["GET"]}}],"collection":[{"href":"https:\/\/gertuart.eus\/es\/wp-json\/wp\/v2\/pages"}],"about":[{"href":"https:\/\/gertuart.eus\/es\/wp-json\/wp\/v2\/types\/page"}],"author":[{"embeddable":true,"href":"https:\/\/gertuart.eus\/es\/wp-json\/wp\/v2\/users\/1"}],"replies":[{"embeddable":true,"href":"https:\/\/gertuart.eus\/es\/wp-json\/wp\/v2\/comments?post=323"}],"version-history":[{"count":0,"href":"https:\/\/gertuart.eus\/es\/wp-json\/wp\/v2\/pages\/323\/revisions"}],"wp:attachment":[{"href":"https:\/\/gertuart.eus\/es\/wp-json\/wp\/v2\/media?parent=323"}],"curies":[{"name":"wp","href":"https:\/\/api.w.org\/{rel}","templated":true}]}}